{"id":103,"date":"2022-01-28T14:49:17","date_gmt":"2022-01-28T13:49:17","guid":{"rendered":"http:\/\/uptrulli.de\/?page_id=103"},"modified":"2025-06-25T12:05:09","modified_gmt":"2025-06-25T10:05:09","slug":"impressum","status":"publish","type":"page","link":"https:\/\/uptrulli.de\/?page_id=103","title":{"rendered":"Impressum"},"content":{"rendered":"\n<p>Angaben gem\u00e4\u00df \u00a7 5 TMG:<br>upTrulli GmbH<br>Gesch\u00e4ftsf\u00fchrerin: Irmgard Joos<\/p>\n\n\n\n<p>Am Lindenb\u00fchl 22<br>88285 Bodnegg<\/p>\n\n\n\n<p>Steuer-Nr.: 77080\/23987<br>USt-ID: 342329316<\/p>\n\n\n\n<p>Handelregistereintrag: HRB 742032 Amtsgericht Ulm<\/p>\n\n\n\n<p>KONTAKT<\/p>\n\n\n\n<p>Telefon: \u00a0 \u00a0 +49 175 9350921<\/p>\n\n\n\n<p><br>E-Mail: kontakt@upTrulli.de\u00a0<br><br>verantwortlich f\u00fcr den Inhalt nach \u00a7 55 Abs. 2 RStV:<br>Irmgard Joos, Armin Claar, Matthew Tovstiga<\/p>\n\n\n\n<p>HAFTUNGSAUSCHLUSS<\/p>\n\n\n\n<p>Haftung f\u00fcr Inhalte&nbsp;<br>Die Inhalte unserer Seiten wurden mit gr\u00f6\u00dfter Sorgfalt erstellt. F\u00fcr die Richtigkeit, Vollst\u00e4ndigkeit und Aktualit\u00e4t der Inhalte k\u00f6nnen wir jedoch keine Gew\u00e4hr \u00fcbernehmen. Als Diensteanbieter sind wir gem\u00e4\u00df \u00a7 7 Abs.1 TMG f\u00fcr eigene Inhalte auf diesen Seiten nach den allgemeinen Gesetzen verantwortlich. Nach \u00a7\u00a7 8 bis 10 TMG sind wir als Diensteanbieter jedoch nicht verpflichtet, \u00fcbermittelte oder gespeicherte fremde Informationen zu \u00fcberwachen oder nach Umst\u00e4nden zu forschen, die auf eine rechtswidrige T\u00e4tigkeit hinweisen. Verpflichtungen zur Entfernung oder Sperrung der Nutzung von Informationen nach den allgemeinen Gesetzen bleiben hiervon unber\u00fchrt. Eine diesbez\u00fcgliche Haftung ist jedoch erst ab dem Zeitpunkt der Kenntnis einer konkreten Rechtsverletzung m\u00f6glich. Bei Bekanntwerden von entsprechenden Rechtsverletzungen werden wir diese Inhalte umgehend entfernen.&nbsp;<br><br>Haftung f\u00fcr Links&nbsp;<br>Unser Angebot enth\u00e4lt Links zu externen Webseiten Dritter, auf deren Inhalte wir keinen Einfluss haben. Deshalb k\u00f6nnen wir f\u00fcr diese fremden Inhalte auch keine Gew\u00e4hr \u00fcbernehmen. F\u00fcr die Inhalte der verlinkten Seiten ist stets der jeweilige Anbieter oder Betreiber der Seiten verantwortlich. Die verlinkten Seiten wurden zum Zeitpunkt der Verlinkung auf m\u00f6gliche Rechtsverst\u00f6\u00dfe \u00fcberpr\u00fcft. Rechtswidrige Inhalte waren zum Zeitpunkt der Verlinkung nicht erkennbar. Eine permanente inhaltliche Kontrolle der verlinkten Seiten ist jedoch ohne konkrete Anhaltspunkte einer Rechtsverletzung nicht zumutbar. Bei Bekanntwerden von Rechtsverletzungen werden wir derartige Links umgehend entfernen.&nbsp;<br><br>Urheberrecht&nbsp;<br>Die durch die Seitenbetreiber erstellten Inhalte und Werke auf diesen Seiten unterliegen dem deutschen Urheberrecht. Die Vervielf\u00e4ltigung, Bearbeitung, Verbreitung und jede Art der Verwertung au\u00dferhalb der Grenzen des Urheberrechtes bed\u00fcrfen der schriftlichen Zustimmung des jeweiligen Autors bzw. Erstellers. Downloads und Kopien dieser Seite sind nicht gestattet. Soweit die Inhalte auf dieser Seite nicht vom Betreiber erstellt wurden, werden die Urheberrechte Dritter beachtet. Insbesondere werden Inhalte Dritter als solche gekennzeichnet. Sollten Sie trotzdem auf eine Urheberrechtsverletzung aufmerksam werden, bitten wir um einen entsprechenden Hinweis. Bei Bekanntwerden von Rechtsverletzungen werden wir derartige Inhalte umgehend entfernen.&nbsp;<\/p>\n\n\n\n<p>Die Domain <a href=\"http:\/\/www.uptrulli.de\/\">www.uptrulli.de<\/a>, <a href=\"http:\/\/www.uptrulli.com\/\">www.uptrulli.com<\/a>, <a href=\"http:\/\/www.uptrulli.eu\/\">www.uptrulli.eu<\/a> sind Eigentum der upTrulli GmbH.<\/p>\n\n\n\n<p>COPYRIGHT<\/p>\n\n\n\n<p>Die Domain <a href=\"http:\/\/www.uptrulli.de\/\">www.uptrulli.de<\/a>, <a href=\"http:\/\/www.uptrulli.com\/\">www.uptrulli.com<\/a>, <a href=\"http:\/\/www.uptrulli.eu\/\">www.uptrulli.eu<\/a> sind Eigentum der upTrulli GmbH. Alle Inhalte auf der Website von der upTrulli GmbH, insbesondere das Design, die Texte und Graphiken unterliegen dem alleinigen Nutzungsrecht upTrulli GmbH. Andersartige Vervielf\u00e4ltigungen, auch in ver\u00e4nderter Form, sind verboten, es sei denn, es liegt eine eindeutige schriftliche Gestattung durch die upTrulli GmbH oder deren Rechtskr\u00e4ftigen Vertretern vor. Es sind alle Rechte vorbehalten.<\/p>\n","protected":false},"excerpt":{"rendered":"<p>Angaben gem\u00e4\u00df \u00a7 5 TMG:upTrulli GmbHGesch\u00e4ftsf\u00fchrerin: Irmgard Joos Am Lindenb\u00fchl 2288285 Bodnegg Steuer-Nr.: 77080\/23987USt-ID: 342329316 Handelregistereintrag: HRB 742032 Amtsgericht Ulm KONTAKT Telefon: \u00a0 \u00a0 +49 175 9350921 E-Mail: kontakt@upTrulli.de\u00a0 verantwortlich f\u00fcr den Inhalt nach \u00a7 55 Abs. 2 RStV:Irmgard Joos, Armin Claar, Matthew Tovstiga HAFTUNGSAUSCHLUSS Haftung f\u00fcr Inhalte&nbsp;Die Inhalte unserer Seiten wurden mit gr\u00f6\u00dfter Sorgfalt &#8230; <a title=\"Impressum\" class=\"read-more\" href=\"https:\/\/uptrulli.de\/?page_id=103\" aria-label=\"Mehr dazu unter Impressum\">Weiterlesen<\/a><\/p>\n","protected":false},"author":1,"featured_media":0,"parent":0,"menu_order":0,"comment_status":"closed","ping_status":"closed","template":"","meta":{"footnotes":""},"class_list":["post-103","page","type-page","status-publish"],"_links":{"self":[{"href":"https:\/\/uptrulli.de\/index.php?rest_route=\/wp\/v2\/pages\/103","targetHints":{"allow":["GET"]}}],"collection":[{"href":"https:\/\/uptrulli.de\/index.php?rest_route=\/wp\/v2\/pages"}],"about":[{"href":"https:\/\/uptrulli.de\/index.php?rest_route=\/wp\/v2\/types\/page"}],"author":[{"embeddable":true,"href":"https:\/\/uptrulli.de\/index.php?rest_route=\/wp\/v2\/users\/1"}],"replies":[{"embeddable":true,"href":"https:\/\/uptrulli.de\/index.php?rest_route=%2Fwp%2Fv2%2Fcomments&post=103"}],"version-history":[{"count":5,"href":"https:\/\/uptrulli.de\/index.php?rest_route=\/wp\/v2\/pages\/103\/revisions"}],"predecessor-version":[{"id":1507,"href":"https:\/\/uptrulli.de\/index.php?rest_route=\/wp\/v2\/pages\/103\/revisions\/1507"}],"wp:attachment":[{"href":"https:\/\/uptrulli.de\/index.php?rest_route=%2Fwp%2Fv2%2Fmedia&parent=103"}],"curies":[{"name":"wp","href":"https:\/\/api.w.org\/{rel}","templated":true}]}}