{"id":105,"date":"2022-01-28T14:49:17","date_gmt":"2022-01-28T13:49:17","guid":{"rendered":"http:\/\/uptrulli.de\/?page_id=105"},"modified":"2022-02-05T10:00:52","modified_gmt":"2022-02-05T09:00:52","slug":"agb","status":"publish","type":"page","link":"https:\/\/uptrulli.de\/?page_id=105","title":{"rendered":"AGB"},"content":{"rendered":"\n<p>Allgemeine Gesch\u00e4ftsbedingungen der upTrulli GmbH (kurz AGB genannt)<\/p>\n\n\n\n<p>upTrulli GmbH<br>Gesch\u00e4ftsf\u00fchrerin: Irmgard Joos<br>Am Lindenb\u00fchl 22<br>88285 Bodnegg<br><br>Handelsregistereintrag: HRB 742032 Amtsgericht Ulm<br>Steuer-Nr.: 77080\/23987<br>USt-ID: 342329316<\/p>\n\n\n\n<p>KONTAKT<br>Telefon: +49 175 9350921<br>E-Mail: kontakt@upTrulli.de&nbsp;<\/p>\n\n\n\n<p>1. Gesch\u00e4ftsbedingungen, Angebot, Vertragsabschluss<\/p>\n\n\n\n<p>1.1.<\/p>\n\n\n\n<p>Die Angebote, Lieferungen und Leistungen von der upTrulli GmbH erfolgen ausschlie\u00dflich<\/p>\n\n\n\n<p>aufgrund dieser Gesch\u00e4ftsbedingungen. Abweichenden Gesch\u00e4ftsbedingungen unserer<\/p>\n\n\n\n<p>Gesch\u00e4ftspartner wird hiermit widersprochen.<\/p>\n\n\n\n<p>1.2.<br>S\u00e4mtliche Angebote &#8211; soweit nicht als ausdr\u00fccklich verbindlich bezeichnet &#8211; sind freibleibend. S\u00e4mtliche Angebotsunterlagen (inkl. Zeichnungen und Kostenvoranschl\u00e4gen etc.) stehen im Eigentum von der upTrulli GmbH und d\u00fcrfen Dritten ohne ausdr\u00fcckliche schriftliche Zustimmung von der upTrulli GmbH nicht zug\u00e4nglich gemacht werden.<\/p>\n\n\n\n<p>1.3.<br>Wirksame Vertr\u00e4ge kommen erst dann zustande, wenn die upTrulli GmbH die Bestellung schriftlich best\u00e4tigt hat. Dasselbe gilt f\u00fcr Erg\u00e4nzungen, \u00c4nderungen und Nebenabreden. F\u00fcr Art und Umfang der Lieferung und Leistungen ist ausschlie\u00dflich die schriftliche Auftragsbest\u00e4tigung durch die upTrulli GmbH ma\u00dfgebend. 1.4. Zeichnungen, Abbildungen, Ma\u00dfe, Gewichte und sonstige Leistungsdaten sind nur bei ausdr\u00fccklicher Vereinbarung verbindlich.<\/p>\n\n\n\n<p>2. Preise<\/p>\n\n\n\n<p>Alle Preise verstehen sich, falls nicht anders vereinbart, ab Fabrik des Lieferanten<\/p>\n\n\n\n<p>(EXW). Hierzu kommt die jeweilige gesetzliche Mehrwertsteuer.<\/p>\n\n\n\n<p>3. Liefer- und Leistungszeit<\/p>\n\n\n\n<p>3.1.<br>Fristen f\u00fcr Lieferungen oder Leistungen beginnen fr\u00fchestens mit dem Zugang einer schriftlichen Auftragsbest\u00e4tigung von der upTrulli GmbH und sind nur verbindlich, wenn diese ausdr\u00fccklich vereinbart wurde.<\/p>\n\n\n\n<p>3.2.<br>Bei Liefer- und Leistungsverz\u00f6gerungen durch den Eintritt unvorhergesehener Ereignisse, die au\u00dferhalb des Einflussbereiches von der upTrulli GmbH liegen (z.B. Materialbeschaffungsschwierigkeiten, Betriebsst\u00f6rungen, Streik, Aussperrung etc., auch bei Lieferanten von upTrulli GmbH) verl\u00e4ngert sich die Lieferfrist angemessen. Teillieferungen und Teilleistungen sowie deren Abrechnung sind jederzeit zul\u00e4ssig.<\/p>\n\n\n\n<p>4. Gefahren\u00fcbergang, Abnahme, Pr\u00fcfpflicht<\/p>\n\n\n\n<p>4.1.<br>Die Gefahr des zuf\u00e4lligen Unterganges oder der zuf\u00e4lligen Verschlechterung des<\/p>\n\n\n\n<p>Liefergegenstandes geht auf den Kunden \u00fcber, sobald die Sendung an die den<\/p>\n\n\n\n<p>Transport ausf\u00fchrende Person \u00fcbergeben worden ist oder sp\u00e4testens zwecks<\/p>\n\n\n\n<p>Versendung das Lager von der upTrulli GmbH oder des Herstellerwerkes verlassen hat.<\/p>\n\n\n\n<p>4.2.<br>Angelieferte Gegenst\u00e4nde sind, auch wenn sie unwesentliche M\u00e4ngel aufweisen, vom Kunden unbeschadet seiner Rechte in Empfang zu nehmen. Die Regelungen des \u00a7 377 HGB bleiben hiervon unber\u00fchrt.<\/p>\n\n\n\n<p>5. Beschaffenheit der Ware, Genehmigungen<\/p>\n\n\n\n<p>5.1.<br>Die Art, Umfang und Beschaffenheit des Liefergegenstandes richtet sich ausschlie\u00dflich nach der im Vertrag vereinbarten Spezifikation. Der Kunde hat vorab selbst zu pr\u00fcfen, ob der Liefergegenstand f\u00fcr die von ihm gew\u00fcnschte Verwendung geeignet ist.<\/p>\n\n\n\n<p>5.2.<br>Der Kunde ist verpflichtet, s\u00e4mtliche ggf. erforderlichen Genehmigungen (insbesondere Baugenehmigungen) und die zu deren Erlangung erforderlichen Unterlagen und Berechnungen rechtzeitig und auf eigene Kosten selbst zu beschaffen. Zeichnungen und technische Berechnungen jeglicher Art werden von upTrulli GmbH nur nach gesonderter Beauftragung und gegen gesonderte Berechnung erstellt.<br>Es sei denn, die Genehmigungsplanung ist im Auftrag enthalten.<\/p>\n\n\n\n<p>5.3.<br>Der Kunde ist verpflichtet, die upTrulli GmbH rechtzeitig auf besondere gesetzliche oder beh\u00f6rdliche Vorschriften und Erfordernisse hinzuweisen, die im Zusammenhang mit der Lieferung, der Aufstellung und des Einsatzes des Liefergegenstandes stehen.<\/p>\n\n\n\n<p>5.4.<br>Der Kunde hat s\u00e4mtliche Steuern und Abgaben, die in Zusammenhang mit der Lieferung, der Aufstellung und des Einsatzes des Liefergegenstandes stehen, selbst zu tragen.<\/p>\n\n\n\n<p>6. Eigentumsvorbehalt<\/p>\n\n\n\n<p>6.1.<br>Die upTrulli GmbH beh\u00e4lt sich das Eigentum an allen Liefergegenst\u00e4nden bis zur Erf\u00fcllung s\u00e4mtlicher Forderungen, die die upTrulli GmbH aus der gesamten Gesch\u00e4ftsverbindung mit dem Kunden zustehen vor.<br>Bei laufender Rechnung dient das gesamte Vorbehaltsgut zur Sicherung der Saldenforderung. \u00dcbersteigt der Sch\u00e4tzwert des als Sicherheit f\u00fcr die upTrulli GmbH dienenden Vorbehaltsgutes die noch nicht beglichenen Forderungen an den Kunden um mehr als 30 %, so ist die upTrulli GmbH auf Verlangen des Kunden insoweit zur Freigabe von Sicherheiten nach Wahl von der upTrulli GmbH verpflichtet.<\/p>\n\n\n\n<p>6.2.<br>Der Kunde darf das Vorbehaltsgut nicht ver\u00e4u\u00dfern, belasten, verpf\u00e4nden, be- oder verarbeiten, sicherungs\u00fcbereignen, vermieten etc. Erwirbt ein Dritter gleichwohl Rechte an dem Sicherungsgut, so tritt der Kunde schon jetzt seine s\u00e4mtlichen hierdurch entstehenden Rechte am Sicherungsgut an die upTrulli GmbH ab, welche diese Abtretung annimmt. Bei Zugriff Dritter hat der Kunde auf das Eigentum von der upTrulli GmbH hinzuweisen und die upTrulli GmbH unverz\u00fcglich zu benachrichtigen. S\u00e4mtliche Interventionskosten gehen zu Lasten des Kunden.<\/p>\n\n\n\n<p>6.3.<br>Bei vertragswidrigem Verhalten des Kunden sowie bei jeder Gefahr f\u00fcr die Rechte von der upTrulli GmbH ist die upTrulli GmbH befugt, ohne weiteres die Vorbehaltsware auf Kosten des Kunden abzuholen und sicherzustellen. Zu diesem Zweck gew\u00e4hrt der Kunde der upTrulli GmbH bzw. den von der upTrulli GmbH beauftragten Dritten Zutrittsrecht zu den Lagerorten.<\/p>\n\n\n\n<p>6.4.<br>Der Kunde ist verpflichtet, die Vorbehaltsware stets pfleglich zu behandeln und auf eigene Kosten ausreichend gegen Feuer, Wasser und Diebstahl zu versichern.<\/p>\n\n\n\n<p>7. Zahlung<\/p>\n\n\n\n<p>7.1.<br>Alle Zahlungen haben vorab und ohne Abzug bei Lieferung\/Abnahme zu erfolgen. Eingehende Zahlungen werden nach Wahl von der upTrulli GmbH auf die Forderungen (in der Reihenfolge Kosten, Zinsen, Hauptsache) verrechnet, soweit der Kunde keine eigene Zahlungsbestimmung getroffen hat.<\/p>\n\n\n\n<p>7.2.<br>Bei Nichteinhaltung der Zahlungsbedingungen oder wenn die upTrulli GmbH nach Vertragsschluss bekannt wird, dass der Zahlungsanspruch durch mangelnde Leistungsf\u00e4higkeit des Kunden gef\u00e4hrdet wird, ist die upTrulli GmbH berechtigt, noch ausstehende Lieferungen und Leistungen nur gegen Vorauszahlung oder Sicherheitsleistungen auszuf\u00fchren.<\/p>\n\n\n\n<p>7.3.<br>F\u00fcr jede Mahnung nach Verzugseintritt hat der Kunde die Kosten des Verwaltungsaufwandes in H\u00f6he von jeweils EUR 10,00 zu ersetzen.<\/p>\n\n\n\n<p>7.4.<br>Die Zur\u00fcckbehaltung von Zahlungen oder die Aufrechnung mit Forderungen des Kunden, die von der upTrulli GmbH bestritten werden und nicht rechtskr\u00e4ftig festgestellt sind, ist ausgeschlossen.<\/p>\n\n\n\n<p>8. Gew\u00e4hrleistung, Haftung<\/p>\n\n\n\n<p>8.1.<br>Beanstandungen sind von Unternehmern und Kunden stets schriftlich und unverz\u00fcglich bei der upTrulli GmbH zu erheben, solche wegen offensichtlicher M\u00e4ngel binnen drei Tagen, bei Reparaturarbeiten binnen drei Tagen nach Auslieferung; andernfalls ist die Geltendmachung von Gew\u00e4hrleistungsanspr\u00fcchen ausgeschlossen.<\/p>\n\n\n\n<p>8.2.<br>Bei mangelhafter Lieferung oder Leistung kann der Kunde Nachbesserung oder, sofern eine solche nicht gen\u00fcgt, unm\u00f6glich oder unzumutbar ist, Ersatzlieferung durch die upTrulli GmbH verlangen. Schl\u00e4gt die (notfalls mehrfache) Nachbesserung oder Ersatzlieferung fehl oder l\u00e4sst die upTrulli GmbH eine hierf\u00fcr schriftlich angemessene Nachfrist schuldhaft verstreichen, so kann der Kunde vom Vertrag zur\u00fccktreten, Minderung oder Schadensersatz verlangen.<\/p>\n\n\n\n<p>8.3.<br>Werden Betriebs- oder Wartungsanweisungen von der upTrulli GmbH oder des Herstellers nicht befolgt, \u00c4nderungen am Liefergegenstand vorgenommen, dieser sonst unsachgem\u00e4\u00df behandelt, liegt normale Abnutzung vor oder ist bei einer laufenden Reparatur der Auftraggeber oder ein Dritter ohne Zustimmung von der upTrulli GmbH am Vertragsgegenstand t\u00e4tig geworden, so entf\u00e4llt jede Gew\u00e4hrleistung.<\/p>\n\n\n\n<p>8.4.<br>Bei neuen Liefergegenst\u00e4nden gilt hinsichtlich der Sachm\u00e4ngelanspr\u00fcche des Kunden als Unternehmer eine Verj\u00e4hrungsfrist von 6 Monaten ab Ablieferung der Ware, sofern der Mangel nicht arglistig verschwiegen wurde oder die upTrulli GmbH seine Abwesenheit garantiert hat. Dies gilt nicht f\u00fcr den Verbrauchsg\u00fcterkauf i.S.d. \u00a7\u00a7 474 ff. BGB. 4<\/p>\n\n\n\n<p>8.5.<br>Gebrauchte Liefergegenst\u00e4nde werden an Unternehmer unter Ausschluss jeglicher Sachm\u00e4ngelhaftung verkauft. Dies gilt nicht f\u00fcr den Verbrauchsg\u00fcterkauf i.S.d. \u00a7\u00a7 474 ff. BGB. In diesem Fall gilt f\u00fcr den Verbraucher eine Verj\u00e4hrungsfrist f\u00fcr Sachm\u00e4ngelanspr\u00fcche von 12 Monaten.<\/p>\n\n\n\n<p>8.6.<br>Weitere Anspr\u00fcche des Kunden, insbesondere bei Mangelfolgesch\u00e4den, bestehen nur, soweit die upTrulli GmbH ein grobes Verschulden trifft, &#8211; bei der Verletzung des Lebens, des K\u00f6rpers oder der Gesundheit, &#8211; bei der Verletzung wesentlicher Vertragspflichten, soweit die Erreichung des Vertragszweckes gef\u00e4hrdet wird, hinsichtlich des vertragstypischen voraussehbaren Schadens &#8211; in den F\u00e4llen, in denen nach Produkthaftungsgesetz bei Fehlern am Liefergegenstand f\u00fcr Personensch\u00e4den oder Sachsch\u00e4den an privat genutzten Gegenst\u00e4nden gehaftet wird &#8211; beim Fehlen von Eigenschaften, die ausdr\u00fccklich zugesichert sind, wenn die Zusicherung gerade bezweckt hat, den Auftraggeber gegen Sch\u00e4den, die nicht am Liefergegenstand selbst entstanden sind, abzusichern, &#8211; bei M\u00e4ngeln, die arglistig verschwiegen wurden oder deren Abwesenheit der Auftragnehmer garantiert hat.<\/p>\n\n\n\n<p>8.7.<br>Im \u00dcbrigen gelten beim Vorliegen von Rechtsm\u00e4ngeln die vorstehenden Bestimmungen entsprechend.<\/p>\n\n\n\n<p>8.8.<br>Erkl\u00e4rungen \u00fcber die Beschaffenheit einer Sache stellen in keinem Fall eine Garantie dar, es sei denn, diese sind ausdr\u00fccklich als solche bezeichnet.<\/p>\n\n\n\n<p>9. Zusatzbedingungen f\u00fcr die Ausf\u00fchrung von beauftragten Arbeiten an upTrulli Geb\u00e4uden<\/p>\n\n\n\n<p>9.1.<br>Kostenvoranschl\u00e4ge sind nur dann verbindlich, wenn dies ausdr\u00fccklich schriftlich vereinbart ist. Andernfalls kann ein Kostenvoranschlag ohne weiteres um bis zu 20 % \u00fcberschritten werden, wenn dies f\u00fcr die Durchf\u00fchrung der Arbeiten erforderlich ist. Bei \u00dcberschreitungen von mehr als 20 % erfolgt die Benachrichtigung des Kunden. Widerspricht der Kunde der \u00dcberschreitung, so erh\u00e4lt die upTrulli GmbH jedenfalls s\u00e4mtliche Aufwendungen sowie einen angemessenen Gewinnanteil ersetzt.<\/p>\n\n\n\n<p>9.2.<br>Reparaturfristen sind nur verbindlich, wenn dies ausdr\u00fccklich vereinbart wurde. Bei Auftragserweiterung verl\u00e4ngert sich die Frist angemessen.<\/p>\n\n\n\n<p>9.3.<br>Die Gefahr geht in jedem Fall auf den Kunden \u00fcber, sobald die upTrulli GmbH diesem die Fertigstellung der Arbeit mitgeteilt hat. Rechnungsstellung gilt als Mitteilung. Der Kunde hat den Vertragsgegenstand binnen drei Tagen abzunehmen, andernfalls lagert die upTrulli GmbH den Vertragsgegenstand gegen Berechnung der Lagerkosten und auf Gefahr des Kunden ein.<\/p>\n\n\n\n<p>9.4.<br>Das Eigentum an eingebauten Aggregaten, Ersatz- und Zubeh\u00f6rteilen verbleibt bis zur vollst\u00e4ndigen Bezahlung durch den Kunden bei der upTrulli GmbH. Bis dahin hat die upTrulli GmbH auch ein Pfand- und Zur\u00fcckbehaltungsrecht an dem reparierten Gegenstand. Das Pfandrecht von der upTrulli GmbH besteht auch wegen Forderungen von der upTrulli GmbH aus fr\u00fcher durchgef\u00fchrten Arbeiten sowie sonstigen Forderungen von der upTrulli GmbH gegen\u00fcber dem Kunden. die Die upTrulli GmbH ist berechtigt, bei Verzug des Auftraggebers und fruchtlosem Ablauf einer angemessenen Nachfrist mit Pfandverkaufsandrohung den Auftragsgegenstand freih\u00e4ndig zu verkaufen oder sonst zu verwerten und sich aus dem Erl\u00f6s zu befriedigen.<\/p>\n\n\n\n<p>9.5.<br>Die durch die erfolgte Reparatur freiwerdenden Altteile werden von der upTrulli GmbH, sofern die Reparatur in den Werkst\u00e4tten von der upTrulli GmbH erfolgt, verschrottet. Sollte der Kunde anderweitig \u00fcber die Altteile verf\u00fcgen wollen, muss er die upTrulli GmbH dies unverz\u00fcglich nach Erhalt der Auftragsbest\u00e4tigung schriftlich mitteilen.<\/p>\n\n\n\n<p>9.6.<br>F\u00fcr Anspr\u00fcche des Kunden bei mangelhafter Reparatur gilt eine Verj\u00e4hrungsfrist von 6 Monaten, sofern der Mangel nicht arglistig verschwiegen wurde oder die upTrulli GmbH seine Abwesenheit garantiert hat. Dies gilt nicht f\u00fcr Verbraucher i.S.d. \u00a7 13 BGB.<\/p>\n\n\n\n<p>10. Datenschutz<\/p>\n\n\n\n<p>Personenbezogene Daten werden unter Beachtung der gesetzlichen Regelungen von der upTrulli GmbH erhoben, verarbeitet und genutzt. S\u00e4mtliche Hinweise zum Umgang mit personenbezogenen Daten sind bei der upTrulli GmbH unter <a href=\"http:\/\/www.uptrulli.de\/datenschutz\">www.uptrulli.de\/datenschutz<\/a> zu finden.<\/p>\n\n\n\n<p>11. Anwendbares Recht, Erf\u00fcllungsort, Gerichtsstand, Teilnichtigkeit<\/p>\n\n\n\n<p>11.1.<br>F\u00fcr alle Rechtsbeziehungen zwischen der upTrulli GmbH und seinen Kunden gilt ausschlie\u00dflich das Recht der Bundesrepublik Deutschland. Die Anwendung von UNKaufrecht ist ausgeschlossen. Erf\u00fcllungsort ist der Sitz von der upTrulli GmbH, also 88285 Bodnegg<\/p>\n\n\n\n<p>11.2.<br>Der ausschlie\u00dfliche Gerichtsstand f\u00fcr alle Streitigkeiten mit Vollkaufleuten, juristischen Personen des \u00f6ffentlichen Rechts und solchen Personen, die im Inland keinen allgemeinen Gerichtsstand haben, ist 88285 Bodnegg Dasselbe gilt f\u00fcr Streitigkeiten mit Personen, die nach Vertragsabschluss ihren Wohnsitz oder gew\u00f6hnlichen Aufenthaltsort zum Zeitpunkt der Klageerhebung nicht bekannt ist.<\/p>\n\n\n\n<p>11.3.<br>sollten einzelne Bestimmungen dieses Vertrages oder Teile hiervon ganz oder teilweise unwirksam sein oder werden, so wird die Wirksamkeit des Vertrages im \u00dcbrigen hiervon nicht ber\u00fchrt. Die unwirksamen Bestimmungen sind durch wirksame Regelungen zu ersetzen, die den unwirksamen sowie dem Vertrag im \u00dcbrigen in tats\u00e4chlicher, rechtlicher und wirtschaftlicher Hinsicht m\u00f6glichst nahekommen. Ebenso ist zu verfahren, wenn der Vertrag eine unvorhergesehene L\u00fccke aufweisen sollte.<\/p>\n\n\n\n<p>12. COPYRIGHT<\/p>\n\n\n\n<p>Alle Inhalte auf der Website der upTrulli GmbH, Videos, Bilder, Zeichnungen, Baubeschreibungen sonstige Unterlagen und alle Arten der Ver\u00f6ffentlichung, insbesondere das Design, die Texte und Graphiken unterliegen dem alleinigen Nutzungsrecht von der upTrulli GmbH. Andersartige Vervielf\u00e4ltigungen, auch in ver\u00e4nderter Form, sind verboten, es sei denn, es liegt eine eindeutige schriftliche Gestattung durch die upTrulli GmbH oder Ihrer rechtlichen Vertreter vor. Es sind alle Rechte vorbehalten.<\/p>\n\n\n\n<p>Stand: November 2021<\/p>\n","protected":false},"excerpt":{"rendered":"<p>Allgemeine Gesch\u00e4ftsbedingungen der upTrulli GmbH (kurz AGB genannt) upTrulli GmbHGesch\u00e4ftsf\u00fchrerin: Irmgard JoosAm Lindenb\u00fchl 2288285 Bodnegg Handelsregistereintrag: HRB 742032 Amtsgericht UlmSteuer-Nr.: 77080\/23987USt-ID: 342329316 KONTAKTTelefon: +49 175 9350921E-Mail: kontakt@upTrulli.de&nbsp; 1. Gesch\u00e4ftsbedingungen, Angebot, Vertragsabschluss 1.1. Die Angebote, Lieferungen und Leistungen von der upTrulli GmbH erfolgen ausschlie\u00dflich aufgrund dieser Gesch\u00e4ftsbedingungen. Abweichenden Gesch\u00e4ftsbedingungen unserer Gesch\u00e4ftspartner wird hiermit widersprochen. 1.2.S\u00e4mtliche Angebote &#8230; <a title=\"AGB\" class=\"read-more\" href=\"https:\/\/uptrulli.de\/?page_id=105\" aria-label=\"Mehr dazu unter AGB\">Weiterlesen<\/a><\/p>\n","protected":false},"author":1,"featured_media":0,"parent":0,"menu_order":0,"comment_status":"closed","ping_status":"closed","template":"","meta":{"footnotes":""},"class_list":["post-105","page","type-page","status-publish"],"_links":{"self":[{"href":"https:\/\/uptrulli.de\/index.php?rest_route=\/wp\/v2\/pages\/105","targetHints":{"allow":["GET"]}}],"collection":[{"href":"https:\/\/uptrulli.de\/index.php?rest_route=\/wp\/v2\/pages"}],"about":[{"href":"https:\/\/uptrulli.de\/index.php?rest_route=\/wp\/v2\/types\/page"}],"author":[{"embeddable":true,"href":"https:\/\/uptrulli.de\/index.php?rest_route=\/wp\/v2\/users\/1"}],"replies":[{"embeddable":true,"href":"https:\/\/uptrulli.de\/index.php?rest_route=%2Fwp%2Fv2%2Fcomments&post=105"}],"version-history":[{"count":2,"href":"https:\/\/uptrulli.de\/index.php?rest_route=\/wp\/v2\/pages\/105\/revisions"}],"predecessor-version":[{"id":161,"href":"https:\/\/uptrulli.de\/index.php?rest_route=\/wp\/v2\/pages\/105\/revisions\/161"}],"wp:attachment":[{"href":"https:\/\/uptrulli.de\/index.php?rest_route=%2Fwp%2Fv2%2Fmedia&parent=105"}],"curies":[{"name":"wp","href":"https:\/\/api.w.org\/{rel}","templated":true}]}}