{"id":1124,"date":"2024-03-06T11:33:01","date_gmt":"2024-03-06T10:33:01","guid":{"rendered":"https:\/\/uptrulli.de\/?page_id=1124"},"modified":"2024-03-08T20:10:09","modified_gmt":"2024-03-08T19:10:09","slug":"minihaus-siedlung","status":"publish","type":"page","link":"https:\/\/uptrulli.de\/?page_id=1124","title":{"rendered":"Minihaus-Siedlung"},"content":{"rendered":"\n<div class=\"wp-block-columns is-layout-flex wp-container-core-columns-is-layout-9d6595d7 wp-block-columns-is-layout-flex\">\n<div class=\"wp-block-column has-medium-font-size is-layout-flow wp-block-column-is-layout-flow\">\n<p class=\"has-contrast-2-color has-text-color has-link-color wp-elements-117f87746c67191c84c767550a03cffd\">Unsere Minih\u00e4user m\u00fcssen nicht f\u00fcr sich alleine stehen.<br><br>Mehrere Minih\u00e4user sind ideal, um eine kleine Wohnsiedlung oder ein Feriendorf zu bilden.<br><br>Als Standort kann sowohl ein Grundst\u00fcck im Ort sein, oder auf einer Wiese mit Bergblick.<br><br>Jedes Minihaus bildet ein eigener, behaglicher Wohnraum, gleichzeitig teilen sich alle Minih\u00e4user Gemeinschaftsfl\u00e4che und Infrastruktur.<\/p>\n<\/div>\n\n\n\n<div class=\"wp-block-column is-layout-flow wp-block-column-is-layout-flow\">\n<figure class=\"wp-block-gallery has-nested-images columns-default is-cropped wp-block-gallery-1 is-layout-flex wp-block-gallery-is-layout-flex\">\n<figure class=\"wp-block-image size-large\"><img loading=\"lazy\" decoding=\"async\" width=\"1024\" height=\"682\" data-id=\"1376\" src=\"https:\/\/uptrulli.de\/wp-content\/uploads\/2024\/03\/04-8-1024x682.jpg\" alt=\"\" class=\"wp-image-1376\" srcset=\"https:\/\/uptrulli.de\/wp-content\/uploads\/2024\/03\/04-8-1024x682.jpg 1024w, https:\/\/uptrulli.de\/wp-content\/uploads\/2024\/03\/04-8-300x200.jpg 300w, https:\/\/uptrulli.de\/wp-content\/uploads\/2024\/03\/04-8-768x511.jpg 768w, https:\/\/uptrulli.de\/wp-content\/uploads\/2024\/03\/04-8-1536x1023.jpg 1536w, https:\/\/uptrulli.de\/wp-content\/uploads\/2024\/03\/04-8.jpg 2000w\" sizes=\"auto, (max-width: 1024px) 100vw, 1024px\" \/><\/figure>\n<\/figure>\n<\/div>\n<\/div>\n\n\n\n<hr class=\"wp-block-separator has-alpha-channel-opacity\"\/>\n\n\n\n<figure class=\"wp-block-gallery has-nested-images columns-default is-cropped wp-block-gallery-2 is-layout-flex wp-block-gallery-is-layout-flex\">\n<figure class=\"wp-block-image size-large\"><img loading=\"lazy\" decoding=\"async\" width=\"1024\" height=\"682\" data-id=\"1372\" src=\"https:\/\/uptrulli.de\/wp-content\/uploads\/2024\/03\/01-3-1024x682.jpg\" alt=\"\" class=\"wp-image-1372\" srcset=\"https:\/\/uptrulli.de\/wp-content\/uploads\/2024\/03\/01-3-1024x682.jpg 1024w, https:\/\/uptrulli.de\/wp-content\/uploads\/2024\/03\/01-3-300x200.jpg 300w, https:\/\/uptrulli.de\/wp-content\/uploads\/2024\/03\/01-3-768x512.jpg 768w, https:\/\/uptrulli.de\/wp-content\/uploads\/2024\/03\/01-3-1536x1024.jpg 1536w, https:\/\/uptrulli.de\/wp-content\/uploads\/2024\/03\/01-3.jpg 2000w\" sizes=\"auto, (max-width: 1024px) 100vw, 1024px\" \/><\/figure>\n\n\n\n<figure class=\"wp-block-image size-large\"><img loading=\"lazy\" decoding=\"async\" width=\"1024\" height=\"666\" data-id=\"1373\" src=\"https:\/\/uptrulli.de\/wp-content\/uploads\/2024\/03\/02-10-1024x666.jpg\" alt=\"\" class=\"wp-image-1373\" srcset=\"https:\/\/uptrulli.de\/wp-content\/uploads\/2024\/03\/02-10-1024x666.jpg 1024w, https:\/\/uptrulli.de\/wp-content\/uploads\/2024\/03\/02-10-300x195.jpg 300w, https:\/\/uptrulli.de\/wp-content\/uploads\/2024\/03\/02-10-768x499.jpg 768w, https:\/\/uptrulli.de\/wp-content\/uploads\/2024\/03\/02-10-1536x998.jpg 1536w, https:\/\/uptrulli.de\/wp-content\/uploads\/2024\/03\/02-10.jpg 2000w\" sizes=\"auto, (max-width: 1024px) 100vw, 1024px\" \/><\/figure>\n\n\n\n<figure class=\"wp-block-image size-large\"><img loading=\"lazy\" decoding=\"async\" width=\"1024\" height=\"666\" data-id=\"1371\" src=\"https:\/\/uptrulli.de\/wp-content\/uploads\/2024\/03\/03-7-1024x666.jpg\" alt=\"\" class=\"wp-image-1371\" srcset=\"https:\/\/uptrulli.de\/wp-content\/uploads\/2024\/03\/03-7-1024x666.jpg 1024w, https:\/\/uptrulli.de\/wp-content\/uploads\/2024\/03\/03-7-300x195.jpg 300w, https:\/\/uptrulli.de\/wp-content\/uploads\/2024\/03\/03-7-768x499.jpg 768w, https:\/\/uptrulli.de\/wp-content\/uploads\/2024\/03\/03-7-1536x998.jpg 1536w, https:\/\/uptrulli.de\/wp-content\/uploads\/2024\/03\/03-7.jpg 2000w\" sizes=\"auto, (max-width: 1024px) 100vw, 1024px\" \/><\/figure>\n<\/figure>\n\n\n\n<hr class=\"wp-block-separator has-alpha-channel-opacity\"\/>\n\n\n\n<p class=\"has-text-color has-link-color has-large-font-size wp-elements-22f333dbf1333e045dfd52c940ac65ab\" style=\"color:#d6724e\">Haben Sie mehr Fragen? Kontaktieren Sie uns \u2013 wir beraten Sie gerne! +49 (0)175 935 09 21 | kontakt@uptrulli.de<\/p>\n","protected":false},"excerpt":{"rendered":"<p>Unsere Minih\u00e4user m\u00fcssen nicht f\u00fcr sich alleine stehen. Mehrere Minih\u00e4user sind ideal, um eine kleine Wohnsiedlung oder ein Feriendorf zu bilden. Als Standort kann sowohl ein Grundst\u00fcck im Ort sein, oder auf einer Wiese mit Bergblick. Jedes Minihaus bildet ein eigener, behaglicher Wohnraum, gleichzeitig teilen sich alle Minih\u00e4user Gemeinschaftsfl\u00e4che und Infrastruktur. Haben Sie mehr Fragen? &#8230; <a title=\"Minihaus-Siedlung\" class=\"read-more\" href=\"https:\/\/uptrulli.de\/?page_id=1124\" aria-label=\"Mehr dazu unter Minihaus-Siedlung\">Weiterlesen<\/a><\/p>\n","protected":false},"author":1,"featured_media":0,"parent":0,"menu_order":0,"comment_status":"closed","ping_status":"closed","template":"","meta":{"footnotes":""},"class_list":["post-1124","page","type-page","status-publish"],"_links":{"self":[{"href":"https:\/\/uptrulli.de\/index.php?rest_route=\/wp\/v2\/pages\/1124","targetHints":{"allow":["GET"]}}],"collection":[{"href":"https:\/\/uptrulli.de\/index.php?rest_route=\/wp\/v2\/pages"}],"about":[{"href":"https:\/\/uptrulli.de\/index.php?rest_route=\/wp\/v2\/types\/page"}],"author":[{"embeddable":true,"href":"https:\/\/uptrulli.de\/index.php?rest_route=\/wp\/v2\/users\/1"}],"replies":[{"embeddable":true,"href":"https:\/\/uptrulli.de\/index.php?rest_route=%2Fwp%2Fv2%2Fcomments&post=1124"}],"version-history":[{"count":8,"href":"https:\/\/uptrulli.de\/index.php?rest_route=\/wp\/v2\/pages\/1124\/revisions"}],"predecessor-version":[{"id":1382,"href":"https:\/\/uptrulli.de\/index.php?rest_route=\/wp\/v2\/pages\/1124\/revisions\/1382"}],"wp:attachment":[{"href":"https:\/\/uptrulli.de\/index.php?rest_route=%2Fwp%2Fv2%2Fmedia&parent=1124"}],"curies":[{"name":"wp","href":"https:\/\/api.w.org\/{rel}","templated":true}]}}