{"id":58,"date":"2022-01-28T14:31:51","date_gmt":"2022-01-28T13:31:51","guid":{"rendered":"http:\/\/uptrulli.de\/?page_id=58"},"modified":"2023-07-17T19:36:47","modified_gmt":"2023-07-17T17:36:47","slug":"team","status":"publish","type":"page","link":"https:\/\/uptrulli.de\/?page_id=58","title":{"rendered":"Team"},"content":{"rendered":"\n<div style=\"height:24px\" aria-hidden=\"true\" class=\"wp-block-spacer\"><\/div>\n\n\n\n<p><em>Die upTrulli GmbH ist ein Netzwerk von Architekten, Ingenieuren, Handwerkern und Gestaltenden. Wir beratend Sie im Vorfeld, betreuen Sie von der ersten Skizze, \u00fcber die Baugenehmigung, bis zur Erstellung und schl\u00fcsselfertigen \u00dcbergabe ihres upTrullis. Transparent, ehrlich und alles aus einer Hand.<\/em><\/p>\n\n\n\n<div style=\"height:89px\" aria-hidden=\"true\" class=\"wp-block-spacer\"><\/div>\n\n\n\n<div class=\"wp-block-columns is-layout-flex wp-container-core-columns-is-layout-9d6595d7 wp-block-columns-is-layout-flex\">\n<div class=\"wp-block-column is-vertically-aligned-center is-layout-flow wp-block-column-is-layout-flow\" style=\"flex-basis:33.33%\"><div class=\"wp-block-image\">\n<figure class=\"aligncenter size-large is-resized\"><img loading=\"lazy\" decoding=\"async\" src=\"http:\/\/uptrulli.de\/wp-content\/uploads\/2023\/07\/Teamfoto_Irmi-1024x1024.png\" alt=\"\" class=\"wp-image-625\" width=\"222\" height=\"222\" srcset=\"https:\/\/uptrulli.de\/wp-content\/uploads\/2023\/07\/Teamfoto_Irmi-1024x1024.png 1024w, https:\/\/uptrulli.de\/wp-content\/uploads\/2023\/07\/Teamfoto_Irmi-300x300.png 300w, https:\/\/uptrulli.de\/wp-content\/uploads\/2023\/07\/Teamfoto_Irmi-150x150.png 150w, https:\/\/uptrulli.de\/wp-content\/uploads\/2023\/07\/Teamfoto_Irmi-768x768.png 768w, https:\/\/uptrulli.de\/wp-content\/uploads\/2023\/07\/Teamfoto_Irmi.png 1200w\" sizes=\"auto, (max-width: 222px) 100vw, 222px\" \/><\/figure>\n<\/div><\/div>\n\n\n\n<div class=\"wp-block-column is-layout-flow wp-block-column-is-layout-flow\" style=\"flex-basis:66.66%\">\n<h4 class=\"wp-block-heading\"><br><strong>Irmgard Joos<\/strong><br><br><em>Gesch\u00e4ftsf\u00fchrerin \u2013 Kaufm\u00e4nnische Verwaltung<\/em><\/h4>\n<\/div>\n<\/div>\n\n\n\n<hr class=\"wp-block-separator has-alpha-channel-opacity\"\/>\n\n\n\n<div class=\"wp-block-columns is-layout-flex wp-container-core-columns-is-layout-9d6595d7 wp-block-columns-is-layout-flex\">\n<div class=\"wp-block-column is-layout-flow wp-block-column-is-layout-flow\" style=\"flex-basis:33.33%\"><div class=\"wp-block-image\">\n<figure class=\"aligncenter size-large is-resized\"><img loading=\"lazy\" decoding=\"async\" src=\"https:\/\/uptrulli.de\/wp-content\/uploads\/2023\/07\/Teamfoto_Armin-1024x1024.png\" alt=\"\" class=\"wp-image-627\" width=\"222\" height=\"222\" srcset=\"https:\/\/uptrulli.de\/wp-content\/uploads\/2023\/07\/Teamfoto_Armin-1024x1024.png 1024w, https:\/\/uptrulli.de\/wp-content\/uploads\/2023\/07\/Teamfoto_Armin-300x300.png 300w, https:\/\/uptrulli.de\/wp-content\/uploads\/2023\/07\/Teamfoto_Armin-150x150.png 150w, https:\/\/uptrulli.de\/wp-content\/uploads\/2023\/07\/Teamfoto_Armin-768x768.png 768w, https:\/\/uptrulli.de\/wp-content\/uploads\/2023\/07\/Teamfoto_Armin.png 1200w\" sizes=\"auto, (max-width: 222px) 100vw, 222px\" \/><\/figure>\n<\/div><\/div>\n\n\n\n<div class=\"wp-block-column is-layout-flow wp-block-column-is-layout-flow\" style=\"flex-basis:66.66%\">\n<h4 class=\"wp-block-heading\"><br><strong>Armin Claar<\/strong><br><br><em>Diplomingenieur \u2013 Vertrieb und Technische Entwicklung<\/em><\/h4>\n<\/div>\n<\/div>\n\n\n\n<hr class=\"wp-block-separator has-alpha-channel-opacity\"\/>\n\n\n\n<div class=\"wp-block-columns is-layout-flex wp-container-core-columns-is-layout-9d6595d7 wp-block-columns-is-layout-flex\">\n<div class=\"wp-block-column is-layout-flow wp-block-column-is-layout-flow\" style=\"flex-basis:33.33%\"><div class=\"wp-block-image\">\n<figure class=\"aligncenter size-large is-resized\"><img loading=\"lazy\" decoding=\"async\" src=\"https:\/\/uptrulli.de\/wp-content\/uploads\/2023\/07\/Teamfoto_Matt2-1-1024x1024.png\" alt=\"\" class=\"wp-image-748\" width=\"224\" height=\"224\" srcset=\"https:\/\/uptrulli.de\/wp-content\/uploads\/2023\/07\/Teamfoto_Matt2-1-1024x1024.png 1024w, https:\/\/uptrulli.de\/wp-content\/uploads\/2023\/07\/Teamfoto_Matt2-1-300x300.png 300w, https:\/\/uptrulli.de\/wp-content\/uploads\/2023\/07\/Teamfoto_Matt2-1-150x150.png 150w, https:\/\/uptrulli.de\/wp-content\/uploads\/2023\/07\/Teamfoto_Matt2-1-768x768.png 768w, https:\/\/uptrulli.de\/wp-content\/uploads\/2023\/07\/Teamfoto_Matt2-1.png 1200w\" sizes=\"auto, (max-width: 224px) 100vw, 224px\" \/><\/figure>\n<\/div><\/div>\n\n\n\n<div class=\"wp-block-column is-layout-flow wp-block-column-is-layout-flow\" style=\"flex-basis:66.66%\">\n<h4 class=\"wp-block-heading\"><br><strong>Matthew Tovstiga<\/strong><br><br><em>Architekt<\/em> \u2013 <em>Planung und Baurecht<\/em><\/h4>\n<\/div>\n<\/div>\n","protected":false},"excerpt":{"rendered":"<p>Die upTrulli GmbH ist ein Netzwerk von Architekten, Ingenieuren, Handwerkern und Gestaltenden. Wir beratend Sie im Vorfeld, betreuen Sie von der ersten Skizze, \u00fcber die Baugenehmigung, bis zur Erstellung und schl\u00fcsselfertigen \u00dcbergabe ihres upTrullis. Transparent, ehrlich und alles aus einer Hand. Irmgard Joos Gesch\u00e4ftsf\u00fchrerin \u2013 Kaufm\u00e4nnische Verwaltung Armin Claar Diplomingenieur \u2013 Vertrieb und Technische Entwicklung &#8230; <a title=\"Team\" class=\"read-more\" href=\"https:\/\/uptrulli.de\/?page_id=58\" aria-label=\"Mehr dazu unter Team\">Weiterlesen<\/a><\/p>\n","protected":false},"author":1,"featured_media":0,"parent":0,"menu_order":0,"comment_status":"closed","ping_status":"closed","template":"","meta":{"footnotes":""},"class_list":["post-58","page","type-page","status-publish"],"_links":{"self":[{"href":"https:\/\/uptrulli.de\/index.php?rest_route=\/wp\/v2\/pages\/58","targetHints":{"allow":["GET"]}}],"collection":[{"href":"https:\/\/uptrulli.de\/index.php?rest_route=\/wp\/v2\/pages"}],"about":[{"href":"https:\/\/uptrulli.de\/index.php?rest_route=\/wp\/v2\/types\/page"}],"author":[{"embeddable":true,"href":"https:\/\/uptrulli.de\/index.php?rest_route=\/wp\/v2\/users\/1"}],"replies":[{"embeddable":true,"href":"https:\/\/uptrulli.de\/index.php?rest_route=%2Fwp%2Fv2%2Fcomments&post=58"}],"version-history":[{"count":10,"href":"https:\/\/uptrulli.de\/index.php?rest_route=\/wp\/v2\/pages\/58\/revisions"}],"predecessor-version":[{"id":749,"href":"https:\/\/uptrulli.de\/index.php?rest_route=\/wp\/v2\/pages\/58\/revisions\/749"}],"wp:attachment":[{"href":"https:\/\/uptrulli.de\/index.php?rest_route=%2Fwp%2Fv2%2Fmedia&parent=58"}],"curies":[{"name":"wp","href":"https:\/\/api.w.org\/{rel}","templated":true}]}}