{"id":62,"date":"2022-01-28T14:31:51","date_gmt":"2022-01-28T13:31:51","guid":{"rendered":"http:\/\/uptrulli.de\/?page_id=62"},"modified":"2022-03-07T18:14:45","modified_gmt":"2022-03-07T17:14:45","slug":"magazon-gipfelstuermer","status":"publish","type":"page","link":"https:\/\/uptrulli.de\/?page_id=62","title":{"rendered":"Magazin Gipfelst\u00fcrmer"},"content":{"rendered":"\n<p class=\"has-text-align-center has-extra-large-font-size\"><strong>Interview mit Armin Claar<\/strong><\/p>\n\n\n\n<p class=\"has-text-align-center has-extra-large-font-size\">Zeitschrift &#8220;Gipfelst\u00fcrmer&#8221;<\/p>\n\n\n\n<div class=\"wp-block-media-text alignwide is-stacked-on-mobile is-style-twentytwentyone-border\" style=\"grid-template-columns:30% auto\"><figure class=\"wp-block-media-text__media\"><img loading=\"lazy\" decoding=\"async\" width=\"768\" height=\"1024\" src=\"http:\/\/uptrulli.de\/wp-content\/uploads\/2022\/03\/IMG_20201126_152907-768x1024.jpg\" alt=\"\" class=\"wp-image-372 size-full\" srcset=\"https:\/\/uptrulli.de\/wp-content\/uploads\/2022\/03\/IMG_20201126_152907-768x1024.jpg 768w, https:\/\/uptrulli.de\/wp-content\/uploads\/2022\/03\/IMG_20201126_152907-225x300.jpg 225w, https:\/\/uptrulli.de\/wp-content\/uploads\/2022\/03\/IMG_20201126_152907-1152x1536.jpg 1152w, https:\/\/uptrulli.de\/wp-content\/uploads\/2022\/03\/IMG_20201126_152907-1536x2048.jpg 1536w, https:\/\/uptrulli.de\/wp-content\/uploads\/2022\/03\/IMG_20201126_152907.jpg 1920w\" sizes=\"auto, (max-width: 768px) 100vw, 768px\" \/><\/figure><div class=\"wp-block-media-text__content\">\n<blockquote class=\"wp-block-quote is-style-plain is-layout-flow wp-block-quote-is-layout-flow\"><p>Dabei bietet dieser Rundbauk\u00f6rper \u2013 der an s\u00fcditalienische Trulli erinnert \u2013 vielf\u00e4ltige Wohnnutzungen auch \u00fcber mehrere Stockwerke. &#8220;<\/p><cite>&#8211; A. Claar<\/cite><\/blockquote>\n<\/div><\/div>\n\n\n\n<div style=\"height:37px\" aria-hidden=\"true\" class=\"wp-block-spacer\"><\/div>\n\n\n\n<hr class=\"wp-block-separator aligncenter has-text-color has-background has-black-background-color has-black-color is-style-default\"\/>\n\n\n\n<div style=\"height:37px\" aria-hidden=\"true\" class=\"wp-block-spacer\"><\/div>\n\n\n\n<p><strong>Ja, innovativ und \u00f6kologisch bauen ist einfach genial und spannend und bei all den M\u00f6glichkeiten, die sich bieten wie z.B. die bestehende Infrastruktur nutzen, vorhandene schon genutzte nat\u00fcrliche Materialien wiederverwerten, all das ist sinnvoll und ressourcenschonend.<\/strong><\/p>\n\n\n\n<p><em>Hallo Armin, du besch\u00e4ftigst dich schon l\u00e4nger mit alternativen Bauformen und hast nun eine ganz besondere<\/em> Idee.<\/p>\n\n\n\n<div style=\"height:37px\" aria-hidden=\"true\" class=\"wp-block-spacer\"><\/div>\n\n\n\n<p><em>Sinnvoll bestehendes einem neuen Nutzen zuzuf\u00fchren?<\/em><\/p>\n\n\n\n<p><strong>Genau. Wir m\u00fcssen nicht alles neu produzieren. Und als Ingenieur, mit vielen Jahren Berufserfahrung, bin ich genau in meinem Fachgebiet auf eine spannende Sache gesto\u00dfen.<\/strong><\/p>\n\n\n\n<div style=\"height:37px\" aria-hidden=\"true\" class=\"wp-block-spacer\"><\/div>\n\n\n\n<p><em>Finden wir auch. Erz\u00e4hl mal!<\/em><\/p>\n\n\n\n<p><strong>Wir sind auf alte Bauk\u00f6rper aus der Landwirtschaft gesto\u00dfen, die massiv aber nutzlos in der Landschaft herum stehen. Sie werden f\u00fcr den landwirtschaftlichen Ablauf nicht mehr ben\u00f6tigt. Es sind die alten Hochsilos. Aus Betonringen oder Holz aufgebaut, haben wir die M\u00f6glichkeit sie abzubauen und an beliebiger Stelle wieder aufzustellen und\/oder direkt vor Ort zu einer vollausgestatteten Wohnm\u00f6glichkeit mit besonderem Charme auszubauen.<\/strong><\/p>\n\n\n\n<div style=\"height:37px\" aria-hidden=\"true\" class=\"wp-block-spacer\"><\/div>\n\n\n\n<div class=\"wp-block-media-text alignwide has-media-on-the-right is-stacked-on-mobile is-style-twentytwentyone-border\" style=\"grid-template-columns:auto 25%\"><figure class=\"wp-block-media-text__media\"><img loading=\"lazy\" decoding=\"async\" width=\"768\" height=\"1024\" src=\"http:\/\/uptrulli.de\/wp-content\/uploads\/2022\/03\/IMG_20201126_151652-1-768x1024.jpg\" alt=\"\" class=\"wp-image-373 size-full\" srcset=\"https:\/\/uptrulli.de\/wp-content\/uploads\/2022\/03\/IMG_20201126_151652-1-768x1024.jpg 768w, https:\/\/uptrulli.de\/wp-content\/uploads\/2022\/03\/IMG_20201126_151652-1-225x300.jpg 225w, https:\/\/uptrulli.de\/wp-content\/uploads\/2022\/03\/IMG_20201126_151652-1-1152x1536.jpg 1152w, https:\/\/uptrulli.de\/wp-content\/uploads\/2022\/03\/IMG_20201126_151652-1-1536x2048.jpg 1536w, https:\/\/uptrulli.de\/wp-content\/uploads\/2022\/03\/IMG_20201126_151652-1.jpg 1920w\" sizes=\"auto, (max-width: 768px) 100vw, 768px\" \/><\/figure><div class=\"wp-block-media-text__content\">\n<p class=\"has-large-font-size\"><em>Das ist ja wahres Upcycling.<\/em><\/p>\n\n\n\n<p><strong>Stimmt. Die Alternative w\u00e4re eine meist teure Entsorgung ohne weiteren Nutzen. <\/strong><\/p>\n\n\n\n<p><strong>Dabei bietet dieser Rundbauk\u00f6rper \u2013 der an s\u00fcditalienische Trulli erinnert \u2013 vielf\u00e4ltige Wohnnutzungen <\/strong><strong>auch \u00fcber mehrere Stockwerke.<\/strong><\/p>\n<\/div><\/div>\n\n\n\n<div style=\"height:37px\" aria-hidden=\"true\" class=\"wp-block-spacer\"><\/div>\n\n\n\n<p><em>Das klingt nach einem sehr ganzheitlichen Ansatz?<\/em><\/p>\n\n\n\n<p><strong>Wir k\u00f6nnen wahlweise bestehende Silos abbauen und an geeigneter Stelle neu errichten, beispielsweise auf Campingpl\u00e4tzen, Ferienh\u00f6fen oder auch als ein vollwertiges kleines Wohngeb\u00e4ude an neuem Standort. Oder ganz einfach direkt vor Ort mit dem bisherigen Besitzer den Bauk\u00f6rper in eine wunderbare neue Nutzung bringen \u2013 von der Planung bis zum letzten Detail der Innenausstattung. Da der Innenraum ebenfalls rund ist, kommen hier keine standardisierten M\u00f6bel, sondern ein perfekt auf die r\u00e4umlichen Vorgaben angepasstes Interieur zum Einsatz. Besonders wichtig ist uns hierbei die Verwendung nat\u00fcrlicher Rohstoffe. Mit einer Kalk- oder Lehmwandheizung schaffen wir ein angenehmes gesundes Raumklima. Somit wird nicht die Luft aufgeheizt, wie es heutzutage fast immer der Fall ist, sondern der Mensch und der Wohnk\u00f6rper werden erw\u00e4rmt. Nach dem Fensterl\u00fcften ist dann die W\u00e4rme noch immer im Raum vorhanden \u2013 das spart sehr viel Energie und f\u00fchlt sich gut an.<\/strong><\/p>\n\n\n\n<div style=\"height:37px\" aria-hidden=\"true\" class=\"wp-block-spacer\"><\/div>\n\n\n\n<p><em>Wie werden denn die Trulli im Boden verankert und kann ich sie an jeder Stelle erric<\/em>hten?<\/p>\n\n\n\n<p><strong>Die upTrulli (Silos) mit einem Durchmesser von 3 bis 5 m werden auf Schraubfundamenten, rund 40 cm \u00fcber dem Erdreich stehend, verankert. Das versiegelt keine Bodenfl\u00e4che; Wasser kann unter dem Trulli durchlaufen und zus\u00e4tzlich entsteht eine wertvolle Schutzzone f\u00fcr die Natur. Selbst an Hanglagen ist eine Aufstellung mit den Schraubfundamenten m\u00f6glich.<\/strong><\/p>\n\n\n\n<div style=\"height:37px\" aria-hidden=\"true\" class=\"wp-block-spacer\"><\/div>\n\n\n\n<p><em>Sehr stringent. Wie ist der aktuelle Stand und wie kann man euch unterst\u00fctzen?<\/em><\/p>\n\n\n\n<p><strong>Wir haben die ersten Silos abgebaut und auf einem Hof gelagert. Baupl\u00e4ne sind erstellt und die ersten Bauvoranfragen laufen. Jeder ist willkommen, der sich auf seinem Grund einen Platz daf\u00fcr vorstellen kann und ein neues Gesch\u00e4ftsmodell er\u00f6ffnen m\u00f6chte. Von der Planung bis zur \u00dcbergabe des fertig eingerichteten upTrulli kommt alles aus einer Hand.<\/strong><\/p>\n\n\n\n<p><\/p>\n","protected":false},"excerpt":{"rendered":"<p>Interview mit Armin Claar Zeitschrift &#8220;Gipfelst\u00fcrmer&#8221; Dabei bietet dieser Rundbauk\u00f6rper \u2013 der an s\u00fcditalienische Trulli erinnert \u2013 vielf\u00e4ltige Wohnnutzungen auch \u00fcber mehrere Stockwerke. &#8220; &#8211; A. Claar Ja, innovativ und \u00f6kologisch bauen ist einfach genial und spannend und bei all den M\u00f6glichkeiten, die sich bieten wie z.B. die bestehende Infrastruktur nutzen, vorhandene schon genutzte nat\u00fcrliche &#8230; <a title=\"Magazin Gipfelst\u00fcrmer\" class=\"read-more\" href=\"https:\/\/uptrulli.de\/?page_id=62\" aria-label=\"Mehr dazu unter Magazin Gipfelst\u00fcrmer\">Weiterlesen<\/a><\/p>\n","protected":false},"author":1,"featured_media":0,"parent":0,"menu_order":0,"comment_status":"closed","ping_status":"closed","template":"","meta":{"footnotes":""},"class_list":["post-62","page","type-page","status-publish"],"_links":{"self":[{"href":"https:\/\/uptrulli.de\/index.php?rest_route=\/wp\/v2\/pages\/62","targetHints":{"allow":["GET"]}}],"collection":[{"href":"https:\/\/uptrulli.de\/index.php?rest_route=\/wp\/v2\/pages"}],"about":[{"href":"https:\/\/uptrulli.de\/index.php?rest_route=\/wp\/v2\/types\/page"}],"author":[{"embeddable":true,"href":"https:\/\/uptrulli.de\/index.php?rest_route=\/wp\/v2\/users\/1"}],"replies":[{"embeddable":true,"href":"https:\/\/uptrulli.de\/index.php?rest_route=%2Fwp%2Fv2%2Fcomments&post=62"}],"version-history":[{"count":15,"href":"https:\/\/uptrulli.de\/index.php?rest_route=\/wp\/v2\/pages\/62\/revisions"}],"predecessor-version":[{"id":374,"href":"https:\/\/uptrulli.de\/index.php?rest_route=\/wp\/v2\/pages\/62\/revisions\/374"}],"wp:attachment":[{"href":"https:\/\/uptrulli.de\/index.php?rest_route=%2Fwp%2Fv2%2Fmedia&parent=62"}],"curies":[{"name":"wp","href":"https:\/\/api.w.org\/{rel}","templated":true}]}}