{"id":620,"date":"2023-07-16T09:47:07","date_gmt":"2023-07-16T07:47:07","guid":{"rendered":"https:\/\/uptrulli.de\/?page_id=620"},"modified":"2026-02-26T13:31:36","modified_gmt":"2026-02-26T12:31:36","slug":"grundstuecke","status":"publish","type":"page","link":"https:\/\/uptrulli.de\/?page_id=620","title":{"rendered":"Grundst\u00fccke"},"content":{"rendered":"\n<div class=\"wp-block-columns is-layout-flex wp-container-core-columns-is-layout-9d6595d7 wp-block-columns-is-layout-flex\">\n<div class=\"wp-block-column is-layout-flow wp-block-column-is-layout-flow\">\n<p>Wir, die upTrulli GmbH, haben immer wieder in unserem regionalen Netzwerk die Gelegenheit, Baugrundst\u00fccke an Interessenten zu vermitteln.<\/p>\n\n\n\n<div class=\"wp-block-columns is-layout-flex wp-container-core-columns-is-layout-9d6595d7 wp-block-columns-is-layout-flex\">\n<div class=\"wp-block-column is-layout-flow wp-block-column-is-layout-flow\">\n<figure class=\"wp-block-image size-large\"><img loading=\"lazy\" decoding=\"async\" width=\"768\" height=\"1024\" src=\"https:\/\/uptrulli.de\/wp-content\/uploads\/2026\/02\/260226_Grundstuecke_Vogt-Grund-768x1024.jpg\" alt=\"\" class=\"wp-image-1581\" srcset=\"https:\/\/uptrulli.de\/wp-content\/uploads\/2026\/02\/260226_Grundstuecke_Vogt-Grund-768x1024.jpg 768w, https:\/\/uptrulli.de\/wp-content\/uploads\/2026\/02\/260226_Grundstuecke_Vogt-Grund-225x300.jpg 225w, https:\/\/uptrulli.de\/wp-content\/uploads\/2026\/02\/260226_Grundstuecke_Vogt-Grund.jpg 1080w\" sizes=\"auto, (max-width: 768px) 100vw, 768px\" \/><\/figure>\n<\/div>\n\n\n\n<div class=\"wp-block-column is-layout-flow wp-block-column-is-layout-flow\">\n<h6 class=\"wp-block-heading\"><strong>Kontakt f\u00fcr aktuelles Angebot<\/strong><\/h6>\n\n\n\n<p>irmi@uptrulli.de  oder Telefon\/WhatsApp 0160\/1525900.<\/p>\n\n\n\n<p>Weitere Infos auf Anfrage und Besichtigung nach Vereinbarung.<\/p>\n<\/div>\n<\/div>\n\n\n\n<p class=\"has-text-color has-link-color has-medium-font-size wp-elements-ee212765179c08edbf69df0b09112c34\" style=\"color:#e15e2f\"><strong>Aktuelle Grundst\u00fccke im Angebot<\/strong><\/p>\n\n\n\n<p class=\"has-medium-font-size\"><strong>3x Baugrundst\u00fccke in 88267 Vogt, Ortsteil Grund:<\/strong><\/p>\n\n\n\n<p class=\"has-contrast-2-color has-text-color has-link-color has-medium-font-size wp-elements-54e9d9417a0daac84288187cd18ad0be\"><em>&gt; naturnah mit Blick in die Landschaft, mit Baurecht, zwischen 235\u2013370 qm.<\/em><\/p>\n\n\n\n<h6 class=\"wp-block-heading\">\ud83d\udc49 Grundst\u00fcck 1: 234 m<sup>2<\/sup><br>\ud83d\udc49 Grundst\u00fcck 2: 257 m<sup>2<\/sup><br>\ud83d\udc49 <s>Grundst\u00fcck 3: bereits verkauft<\/s><\/h6>\n\n\n\n<p class=\"has-contrast-2-color has-text-color has-link-color has-medium-font-size wp-elements-0afa8409ad041a5316f835194b3e9836\"><\/p>\n\n\n\n<hr class=\"wp-block-separator has-alpha-channel-opacity\"\/>\n\n\n\n<p class=\"has-contrast-2-color has-text-color has-link-color has-medium-font-size wp-elements-4583d17628cd47d0ebecc7906faf386f\">Desweiteren ist die upTrulli GmbH immer auf der Suche nach folgenden Baufl\u00e4chen:<\/p>\n\n\n\n<p><strong>Kleine Private Fl\u00e4chen, z.B. ein gro\u00dfer Garten in einer alten Wohnsiedlung oder neben einer Hofstelle<\/strong><\/p>\n\n\n\n<p>     <em>\u261e<\/em> <em>erforderliche Baufl\u00e4che 80 m<sup>2<\/sup><\/em><\/p>\n\n\n\n<p><strong>Restfl\u00e4chen in Gemeinden<\/strong><\/p>\n\n\n\n<p>     <em>\u261e<\/em> <em>erforderliche Baufl\u00e4che 180 m<sup>2<\/sup><\/em><\/p>\n\n\n\n<p><strong>Gr\u00f6ssere Fl\u00e4chen f\u00fcr eine Gruppe von upTrulli Minih\u00e4user<\/strong><\/p>\n\n\n\n<p>     <em>\u261e ab 750 m<sup>2<\/sup><\/em><\/p>\n\n\n\n<p>Die Mindestfl\u00e4chen f\u00fcr upTrulli Minih\u00e4user betragen 180 m<sup>2<\/sup>, bei Bedarf zus\u00e4tzlich Fl\u00e4che f\u00fcr Stellpl\u00e4tze.<\/p>\n\n\n\n<p class=\"has-text-color has-link-color wp-elements-797921de96b9e3b0fc74b2aa3d5aa1ba\" style=\"color:#d6724e\"><strong><em>Nutzen Sie das Kontaktformular, wenn Sie ein Baugrundst\u00fcck suchen oder anbieten wollen!<\/em><\/strong><\/p>\n<\/div>\n<\/div>\n","protected":false},"excerpt":{"rendered":"<p>Wir, die upTrulli GmbH, haben immer wieder in unserem regionalen Netzwerk die Gelegenheit, Baugrundst\u00fccke an Interessenten zu vermitteln. Kontakt f\u00fcr aktuelles Angebot irmi@uptrulli.de oder Telefon\/WhatsApp 0160\/1525900. Weitere Infos auf Anfrage und Besichtigung nach Vereinbarung. Aktuelle Grundst\u00fccke im Angebot 3x Baugrundst\u00fccke in 88267 Vogt, Ortsteil Grund: &gt; naturnah mit Blick in die Landschaft, mit Baurecht, zwischen &#8230; <a title=\"Grundst\u00fccke\" class=\"read-more\" href=\"https:\/\/uptrulli.de\/?page_id=620\" aria-label=\"Mehr dazu unter Grundst\u00fccke\">Weiterlesen<\/a><\/p>\n","protected":false},"author":1,"featured_media":0,"parent":0,"menu_order":0,"comment_status":"closed","ping_status":"closed","template":"","meta":{"footnotes":""},"class_list":["post-620","page","type-page","status-publish"],"_links":{"self":[{"href":"https:\/\/uptrulli.de\/index.php?rest_route=\/wp\/v2\/pages\/620","targetHints":{"allow":["GET"]}}],"collection":[{"href":"https:\/\/uptrulli.de\/index.php?rest_route=\/wp\/v2\/pages"}],"about":[{"href":"https:\/\/uptrulli.de\/index.php?rest_route=\/wp\/v2\/types\/page"}],"author":[{"embeddable":true,"href":"https:\/\/uptrulli.de\/index.php?rest_route=\/wp\/v2\/users\/1"}],"replies":[{"embeddable":true,"href":"https:\/\/uptrulli.de\/index.php?rest_route=%2Fwp%2Fv2%2Fcomments&post=620"}],"version-history":[{"count":12,"href":"https:\/\/uptrulli.de\/index.php?rest_route=\/wp\/v2\/pages\/620\/revisions"}],"predecessor-version":[{"id":1589,"href":"https:\/\/uptrulli.de\/index.php?rest_route=\/wp\/v2\/pages\/620\/revisions\/1589"}],"wp:attachment":[{"href":"https:\/\/uptrulli.de\/index.php?rest_route=%2Fwp%2Fv2%2Fmedia&parent=620"}],"curies":[{"name":"wp","href":"https:\/\/api.w.org\/{rel}","templated":true}]}}