{"id":65,"date":"2022-01-28T14:31:51","date_gmt":"2022-01-28T13:31:51","guid":{"rendered":"http:\/\/uptrulli.de\/?page_id=65"},"modified":"2024-03-07T21:30:09","modified_gmt":"2024-03-07T20:30:09","slug":"falkenstein","status":"publish","type":"page","link":"https:\/\/uptrulli.de\/?page_id=65","title":{"rendered":"Falkenstein"},"content":{"rendered":"\n<div class=\"wp-block-columns is-layout-flex wp-container-core-columns-is-layout-9d6595d7 wp-block-columns-is-layout-flex\">\n<div class=\"wp-block-column is-layout-flow wp-block-column-is-layout-flow\">\n<figure class=\"wp-block-gallery has-nested-images columns-default is-cropped wp-block-gallery-1 is-layout-flex wp-block-gallery-is-layout-flex\">\n<figure class=\"wp-block-image size-large\"><img loading=\"lazy\" decoding=\"async\" width=\"1024\" height=\"690\" data-id=\"1263\" src=\"https:\/\/uptrulli.de\/wp-content\/uploads\/2024\/03\/03-4-1024x690.png\" alt=\"\" class=\"wp-image-1263\" srcset=\"https:\/\/uptrulli.de\/wp-content\/uploads\/2024\/03\/03-4-1024x690.png 1024w, https:\/\/uptrulli.de\/wp-content\/uploads\/2024\/03\/03-4-300x202.png 300w, https:\/\/uptrulli.de\/wp-content\/uploads\/2024\/03\/03-4-768x518.png 768w, https:\/\/uptrulli.de\/wp-content\/uploads\/2024\/03\/03-4.png 1500w\" sizes=\"auto, (max-width: 1024px) 100vw, 1024px\" \/><\/figure>\n<\/figure>\n<\/div>\n\n\n\n<div class=\"wp-block-column is-layout-flow wp-block-column-is-layout-flow\">\n<p class=\"has-medium-font-size\">Ein Cottage f\u00fcr den Landurlaub oder auch als Eigenheim.<br><br>80\u2013100 qm \u00fcber zwei Stockwerke.<br><br>Ein vollwertiges Wohnhaus mit Balkon und gen\u00fcgend Platz f\u00fcr die ganze Familie.<\/p>\n<\/div>\n<\/div>\n\n\n\n<div id=\"envira-gallery-wrap-221\" class=\"envira-gallery-wrap envira-gallery-theme-base envira-lightbox-theme-base\" itemscope itemtype=\"https:\/\/schema.org\/ImageGallery\"><div data-row-height=\"150\" data-gallery-theme=\"normal\" id=\"envira-gallery-221\" class=\"envira-gallery-public envira-gallery-justified-public envira-gallery-0-columns envira-clear enviratope envira-gallery-css-animations\" data-envira-columns=\"0\"><div id=\"envira-gallery-item-1267\" class=\"envira-gallery-item enviratope-item envira-gallery-item-1 envira-lazy-load\" style=\"padding-left: 1px; padding-bottom: 1px; padding-right: 1px;\"  itemscope itemtype=\"https:\/\/schema.org\/ImageObject\"><div class=\"envira-gallery-item-inner\"><div class=\"envira-gallery-position-overlay  envira-gallery-top-left\"><\/div><div class=\"envira-gallery-position-overlay  envira-gallery-top-right\"><\/div><div class=\"envira-gallery-position-overlay  envira-gallery-bottom-left\"><\/div><div class=\"envira-gallery-position-overlay  envira-gallery-bottom-right\"><\/div><a href=\"https:\/\/uptrulli.de\/wp-content\/uploads\/2022\/02\/01-2-scaled.jpg\" class=\"envira-gallery-221 envira-gallery-link\" rel=\"enviragallery221\" title=\"210309_mt_Grundrisse\" data-envira-caption=\"210309_mt_Grundrisse\" data-envira-retina=\"\" data-thumbnail=\"\"  itemprop=\"contentUrl\"><img decoding=\"async\" id=\"envira-gallery-image-1267\" class=\"envira-gallery-image envira-gallery-image-1 envira-normal envira-lazy\" data-envira-index=\"1\" src=\"https:\/\/uptrulli.de\/wp-content\/uploads\/2022\/02\/01-2-1024x548-640x480.jpg\" data-envira-src=\"https:\/\/uptrulli.de\/wp-content\/uploads\/2022\/02\/01-2-1024x548-640x480.jpg\" data-envira-gallery-id=\"221\" data-envira-item-id=\"1267\" data-envira-caption=\"210309_mt_Grundrisse\" alt=\"\" title=\"210309_mt_Grundrisse\"  itemprop=\"thumbnailUrl\" data-envira-srcset=\"https:\/\/uptrulli.de\/wp-content\/uploads\/2022\/02\/01-2-1024x548-640x480.jpg 400w,https:\/\/uptrulli.de\/wp-content\/uploads\/2022\/02\/01-2-1024x548-640x480.jpg 2x\" data-envira-width=\"300\" data-envira-height=\"160\" srcset=\"data:image\/gif;base64,R0lGODlhAQABAIAAAP\/\/\/\/\/\/\/yH5BAEKAAEALAAAAAABAAEAAAICTAEAOw==\" data-safe-src=\"data:image\/gif;base64,R0lGODlhAQABAIAAAP\/\/\/\/\/\/\/yH5BAEKAAEALAAAAAABAAEAAAICTAEAOw==\" \/><\/a><\/div><\/div><div id=\"envira-gallery-item-1268\" class=\"envira-gallery-item enviratope-item envira-gallery-item-2 envira-lazy-load\" style=\"padding-left: 1px; padding-bottom: 1px; padding-right: 1px;\"  itemscope itemtype=\"https:\/\/schema.org\/ImageObject\"><div class=\"envira-gallery-item-inner\"><div class=\"envira-gallery-position-overlay  envira-gallery-top-left\"><\/div><div class=\"envira-gallery-position-overlay  envira-gallery-top-right\"><\/div><div class=\"envira-gallery-position-overlay  envira-gallery-bottom-left\"><\/div><div class=\"envira-gallery-position-overlay  envira-gallery-bottom-right\"><\/div><a href=\"https:\/\/uptrulli.de\/wp-content\/uploads\/2022\/02\/02-1-scaled.jpg\" class=\"envira-gallery-221 envira-gallery-link\" rel=\"enviragallery221\" title=\"210309_mt_Grundrisse\" data-envira-caption=\"210309_mt_Grundrisse\" data-envira-retina=\"\" data-thumbnail=\"\"  itemprop=\"contentUrl\"><img decoding=\"async\" id=\"envira-gallery-image-1268\" class=\"envira-gallery-image envira-gallery-image-2 envira-normal envira-lazy\" data-envira-index=\"2\" src=\"https:\/\/uptrulli.de\/wp-content\/uploads\/2022\/02\/02-1-1024x548-640x480.jpg\" data-envira-src=\"https:\/\/uptrulli.de\/wp-content\/uploads\/2022\/02\/02-1-1024x548-640x480.jpg\" data-envira-gallery-id=\"221\" data-envira-item-id=\"1268\" data-envira-caption=\"210309_mt_Grundrisse\" alt=\"\" title=\"210309_mt_Grundrisse\"  itemprop=\"thumbnailUrl\" data-envira-srcset=\"https:\/\/uptrulli.de\/wp-content\/uploads\/2022\/02\/02-1-1024x548-640x480.jpg 400w,https:\/\/uptrulli.de\/wp-content\/uploads\/2022\/02\/02-1-1024x548-640x480.jpg 2x\" data-envira-width=\"300\" data-envira-height=\"160\" srcset=\"data:image\/gif;base64,R0lGODlhAQABAIAAAP\/\/\/\/\/\/\/yH5BAEKAAEALAAAAAABAAEAAAICTAEAOw==\" data-safe-src=\"data:image\/gif;base64,R0lGODlhAQABAIAAAP\/\/\/\/\/\/\/yH5BAEKAAEALAAAAAABAAEAAAICTAEAOw==\" \/><\/a><\/div><\/div><div id=\"envira-gallery-item-1261\" class=\"envira-gallery-item enviratope-item envira-gallery-item-3 envira-lazy-load\" style=\"padding-left: 1px; padding-bottom: 1px; padding-right: 1px;\"  itemscope itemtype=\"https:\/\/schema.org\/ImageObject\"><div class=\"envira-gallery-item-inner\"><div class=\"envira-gallery-position-overlay  envira-gallery-top-left\"><\/div><div class=\"envira-gallery-position-overlay  envira-gallery-top-right\"><\/div><div class=\"envira-gallery-position-overlay  envira-gallery-bottom-left\"><\/div><div class=\"envira-gallery-position-overlay  envira-gallery-bottom-right\"><\/div><a href=\"https:\/\/uptrulli.de\/wp-content\/uploads\/2022\/02\/03.png\" class=\"envira-gallery-221 envira-gallery-link\" rel=\"enviragallery221\" title=\"03\" data-envira-caption=\"03\" data-envira-retina=\"\" data-thumbnail=\"\"  itemprop=\"contentUrl\"><img decoding=\"async\" id=\"envira-gallery-image-1261\" class=\"envira-gallery-image envira-gallery-image-3 envira-normal envira-lazy\" data-envira-index=\"3\" src=\"https:\/\/uptrulli.de\/wp-content\/uploads\/2022\/02\/03-1024x690-640x480.png\" data-envira-src=\"https:\/\/uptrulli.de\/wp-content\/uploads\/2022\/02\/03-1024x690-640x480.png\" data-envira-gallery-id=\"221\" data-envira-item-id=\"1261\" data-envira-caption=\"03\" alt=\"\" title=\"03\"  itemprop=\"thumbnailUrl\" data-envira-srcset=\"https:\/\/uptrulli.de\/wp-content\/uploads\/2022\/02\/03-1024x690-640x480.png 400w,https:\/\/uptrulli.de\/wp-content\/uploads\/2022\/02\/03-1024x690-640x480.png 2x\" data-envira-width=\"300\" data-envira-height=\"202\" srcset=\"data:image\/gif;base64,R0lGODlhAQABAIAAAP\/\/\/\/\/\/\/yH5BAEKAAEALAAAAAABAAEAAAICTAEAOw==\" data-safe-src=\"data:image\/gif;base64,R0lGODlhAQABAIAAAP\/\/\/\/\/\/\/yH5BAEKAAEALAAAAAABAAEAAAICTAEAOw==\" \/><\/a><\/div><\/div><\/div><\/div><noscript><img decoding=\"async\" src=\"https:\/\/uptrulli.de\/wp-content\/uploads\/2022\/02\/01-2-scaled.jpg\" alt=\"\" \/><img decoding=\"async\" src=\"https:\/\/uptrulli.de\/wp-content\/uploads\/2022\/02\/02-1-scaled.jpg\" alt=\"\" \/><img decoding=\"async\" src=\"https:\/\/uptrulli.de\/wp-content\/uploads\/2022\/02\/03.png\" alt=\"\" \/><\/noscript>\n\n\n\n<p class=\"has-text-color has-link-color has-large-font-size wp-elements-22f333dbf1333e045dfd52c940ac65ab\" style=\"color:#d6724e\">Haben Sie mehr Fragen? Kontaktieren Sie uns \u2013 wir beraten Sie gerne! +49 (0)175 935 09 21 | kontakt@uptrulli.de<\/p>\n","protected":false},"excerpt":{"rendered":"<p>Ein Cottage f\u00fcr den Landurlaub oder auch als Eigenheim. 80\u2013100 qm \u00fcber zwei Stockwerke. Ein vollwertiges Wohnhaus mit Balkon und gen\u00fcgend Platz f\u00fcr die ganze Familie. Haben Sie mehr Fragen? Kontaktieren Sie uns \u2013 wir beraten Sie gerne! +49 (0)175 935 09 21 | kontakt@uptrulli.de<\/p>\n","protected":false},"author":1,"featured_media":0,"parent":0,"menu_order":0,"comment_status":"closed","ping_status":"closed","template":"","meta":{"footnotes":""},"class_list":["post-65","page","type-page","status-publish"],"_links":{"self":[{"href":"https:\/\/uptrulli.de\/index.php?rest_route=\/wp\/v2\/pages\/65","targetHints":{"allow":["GET"]}}],"collection":[{"href":"https:\/\/uptrulli.de\/index.php?rest_route=\/wp\/v2\/pages"}],"about":[{"href":"https:\/\/uptrulli.de\/index.php?rest_route=\/wp\/v2\/types\/page"}],"author":[{"embeddable":true,"href":"https:\/\/uptrulli.de\/index.php?rest_route=\/wp\/v2\/users\/1"}],"replies":[{"embeddable":true,"href":"https:\/\/uptrulli.de\/index.php?rest_route=%2Fwp%2Fv2%2Fcomments&post=65"}],"version-history":[{"count":7,"href":"https:\/\/uptrulli.de\/index.php?rest_route=\/wp\/v2\/pages\/65\/revisions"}],"predecessor-version":[{"id":1346,"href":"https:\/\/uptrulli.de\/index.php?rest_route=\/wp\/v2\/pages\/65\/revisions\/1346"}],"wp:attachment":[{"href":"https:\/\/uptrulli.de\/index.php?rest_route=%2Fwp%2Fv2%2Fmedia&parent=65"}],"curies":[{"name":"wp","href":"https:\/\/api.w.org\/{rel}","templated":true}]}}